{"id":2655,"date":"2016-08-01T20:49:25","date_gmt":"2016-08-01T20:49:25","guid":{"rendered":"http:\/\/torukiirabi.ee\/kaevetood\/?lang=ru"},"modified":"2018-08-15T12:40:53","modified_gmt":"2018-08-15T12:40:53","slug":"rytjevye-raboty","status":"publish","type":"page","link":"https:\/\/torukiirabi.ee\/ru\/rytjevye-raboty\/","title":{"rendered":"\u0420\u044b\u0442\u044c\u0435\u0432\u044b\u0435 \u0440\u0430\u0431\u043e\u0442\u044b"},"content":{"rendered":"<p>[vc_row css=&#8221;.vc_custom_1453450201221{margin-bottom: 15px !important;}&#8221;][vc_column]<div class=\"gallery-fs\"><figure><img src='https:\/\/torukiirabi.ee\/wp-content\/uploads\/2016\/08\/kaevetood.jpg' alt='kaevet\u00f6\u00f6d'><figcaption>kaevet\u00f6\u00f6d<\/figcaption><\/figure><\/div>[\/vc_column][\/vc_row][vc_row][vc_column][vc_custom_heading text=&#8221;\u041f\u0440\u0435\u0434\u043e\u0441\u0442\u0430\u0432\u043b\u044f\u0435\u043c \u0443\u0441\u043b\u0443\u0433\u0438 \u0430\u0432\u0430\u0440\u0438\u0439\u043d\u044b\u0445 \u0440\u044b\u0442\u044c\u0435\u0432\u044b\u0445 \u0440\u0430\u0431\u043e\u0442&#8221; use_theme_fonts=&#8221;yes&#8221; el_class=&#8221;title&#8221;][vc_column_text]<\/p>\n<p style=\"text-align: justify;\">\u0417\u0435\u043c\u043b\u044f\u043d\u044b\u0435 \u0440\u0430\u0431\u043e\u0442\u044b, \u0432\u044b\u043f\u043e\u043b\u043d\u044f\u0435\u043c\u044b\u0435 \u043d\u0430\u0448\u0435\u0439 \u0431\u0440\u0438\u0433\u0430\u0434\u043e\u0439 Torukiirabi\u00a0\u0434\u043b\u044f \u043e\u0440\u0433\u0430\u043d\u0438\u0437\u0430\u0446\u0438\u0439 \u0438 \u0447\u0430\u0441\u0442\u043d\u043e\u0433\u043e \u0441\u0442\u0440\u043e\u0438\u0442\u0435\u043b\u044c\u0441\u0442\u0432\u0430, \u0432\u044b\u043f\u043e\u043b\u043d\u044f\u0435\u043c:<\/p>\n<ul style=\"text-align: justify;\">\n<li style=\"text-align: justify;\">\u0440\u044b\u0442\u044c\u0435 \u043a\u043e\u0442\u043b\u043e\u0432\u0430\u043d\u043e\u0432 \u0434\u043b\u044f \u0443\u0441\u0442\u0440\u043e\u0439\u0441\u0442\u0432\u0430 \u0444\u0443\u043d\u0434\u0430\u043c\u0435\u043d\u0442\u043e\u0432,<\/li>\n<li style=\"text-align: justify;\">\u0440\u044b\u0442\u044c\u0435 \u0442\u0440\u0430\u043d\u0448\u0435\u0439 \u0434\u043b\u044f \u043f\u0440\u043e\u043a\u043b\u0430\u0434\u043a\u0438 \u043a\u043e\u043c\u043c\u0443\u043d\u0438\u043a\u0430\u0446\u0438\u0439<\/li>\n<li>\u0440\u044b\u0442\u044c\u0435 \u043a\u043e\u043b\u043e\u0434\u0446\u0435\u0432 \u0438 \u0441\u0435\u043f\u0442\u0438\u043a\u043e\u0432.<\/li>\n<\/ul>\n<p style=\"text-align: justify;\">\u041d\u0430\u0448\u0438 \u0441\u043f\u0435\u0446\u0438\u0430\u043b\u0438\u0441\u0442\u044b \u0438\u043c\u0435\u044e\u0442 \u043e\u0433\u0440\u043e\u043c\u043d\u044b\u043c \u043e\u043f\u044b\u0442\u043e\u043c \u0438 \u0437\u043d\u0430\u043d\u0438\u0435\u043c, \u043a\u043e\u0442\u043e\u0440\u044b\u0439 \u043f\u043e\u0437\u0432\u043e\u043b\u044f\u0435\u0442 \u043f\u0440\u043e\u0438\u0437\u0432\u043e\u0434\u0438\u0442\u044c \u0437\u0435\u043c\u043b\u044f\u043d\u044b\u0435 \u0440\u0430\u0431\u043e\u0442\u044b \u043b\u044e\u0431\u043e\u0433\u043e \u043e\u0431\u044a\u0451\u043c\u0430: \u043e\u0442 \u0440\u044b\u0442\u044c\u044f \u043a\u043e\u0442\u043b\u043e\u0432\u0430\u043d\u0430 \u0434\u043e \u0440\u0430\u0431\u043e\u0442 \u043f\u043e \u043f\u043b\u0430\u043d\u0438\u0440\u043e\u0432\u043a\u0435 \u043f\u043b\u043e\u0449\u0430\u0434\u0435\u0439, \u043f\u043e\u0434 \u043c\u0430\u0441\u0448\u0442\u0430\u0431\u043d\u044b\u0435\u00a0\u0441\u0442\u0440\u043e\u0438\u0442\u0435\u043b\u044c\u043d\u044b\u0435 \u043e\u0431\u044a\u0435\u043a\u0442\u044b.<\/p>\n<p>[\/vc_column_text][\/vc_column][\/vc_row][vc_row][vc_column width=&#8221;7\/12&#8243;][vc_custom_heading text=&#8221;\u0410\u0432\u0430\u0440\u0438\u0439\u043d\u044b\u0435 \u043a\u043e\u043f\u0430\u0442\u0435\u043b\u044c\u043d\u044b\u0435 \u0440\u0430\u0431\u043e\u0442\u044b:&#8221; use_theme_fonts=&#8221;yes&#8221; el_class=&#8221;title&#8221;][vc_column_text]<\/p>\n<ul>\n<li>\u0423\u0441\u0442\u0430\u043d\u043e\u0432\u043b\u0435\u043d\u0438\u0435 \u043c\u0435\u0441\u0442\u0430 \u043f\u0440\u043e\u0442\u0435\u0447\u043a\u0438,<\/li>\n<li>\u041e\u0442\u043a\u0430\u043f\u044b\u0432\u0430\u043d\u0438\u0435 \u0442\u0440\u0443\u0431,<\/li>\n<li>\u041f\u0440\u0438 \u043d\u0435\u043e\u0431\u0445\u043e\u0434\u0438\u043c\u043e\u0441\u0442\u0438 \u0443\u0441\u0442\u0430\u043d\u043e\u0432\u043a\u0430 \u043a\u0430\u043d\u0430\u043b\u0438\u0437\u0430\u0446\u0438\u043e\u043d\u043d\u044b\u0445 \u043a\u043e\u043b\u043e\u0434\u0446\u0435\u0432,<\/li>\n<li>\u0412\u043e\u0441\u0441\u0442\u0430\u043d\u043e\u0432\u0438\u0442\u0435\u043b\u044c\u043d\u044b\u0435 \u0440\u0430\u0431\u043e\u0442\u044b,<\/li>\n<li>\u0410\u0441\u0444\u0430\u043b\u044c\u0442\u0438\u0440\u043e\u0432\u0430\u043d\u0438\u0435,<\/li>\n<li>\u041e\u0437\u0435\u043b\u0435\u043d\u0435\u043d\u0438\u0435,<\/li>\n<li>\u041f\u0440\u043e\u043a\u043b\u0430\u0434\u043a\u0430 \u0442\u0440\u0443\u0431.<\/li>\n<\/ul>\n<p>[\/vc_column_text][\/vc_column][vc_column width=&#8221;5\/12&#8243;][vc_custom_heading text=&#8221;\u0421\u041f\u0420\u041e\u0421\u0418 \u041f\u0420\u0415\u0414\u041b\u041e\u0416\u0415\u041d\u0418\u0415&#8221; use_theme_fonts=&#8221;yes&#8221; el_class=&#8221;title&#8221;]\n<div class=\"wpcf7 no-js\" id=\"wpcf7-f2647-o1\" lang=\"ru-RU\" dir=\"ltr\" data-wpcf7-id=\"2647\">\n<div class=\"screen-reader-response\"><p role=\"status\" aria-live=\"polite\" aria-atomic=\"true\"><\/p> <ul><\/ul><\/div>\n<form action=\"\/ru\/wp-json\/wp\/v2\/pages\/2655#wpcf7-f2647-o1\" method=\"post\" class=\"wpcf7-form init\" aria-label=\"\u041a\u043e\u043d\u0442\u0430\u043a\u0442\u043d\u0430\u044f \u0444\u043e\u0440\u043c\u0430\" novalidate=\"novalidate\" data-status=\"init\">\n<fieldset class=\"hidden-fields-container\"><input type=\"hidden\" name=\"_wpcf7\" value=\"2647\" \/><input type=\"hidden\" name=\"_wpcf7_version\" value=\"6.1.5\" \/><input type=\"hidden\" name=\"_wpcf7_locale\" value=\"ru_RU\" \/><input type=\"hidden\" name=\"_wpcf7_unit_tag\" value=\"wpcf7-f2647-o1\" \/><input type=\"hidden\" name=\"_wpcf7_container_post\" value=\"0\" \/><input type=\"hidden\" name=\"_wpcf7_posted_data_hash\" value=\"\" \/>\n<\/fieldset>\n<p>\u0412\u0430\u0448\u0435 \u0418\u043c\u044f *\n<\/p>\n<p><span class=\"wpcf7-form-control-wrap\" data-name=\"your-name\"><input size=\"40\" maxlength=\"400\" class=\"wpcf7-form-control wpcf7-text wpcf7-validates-as-required\" aria-required=\"true\" aria-invalid=\"false\" value=\"\" type=\"text\" name=\"your-name\" \/><\/span>\n<\/p>\n<p>\u042d-\u043c\u0430\u0438\u043b *\n<\/p>\n<p><span class=\"wpcf7-form-control-wrap\" data-name=\"your-email\"><input size=\"40\" maxlength=\"400\" class=\"wpcf7-form-control wpcf7-email wpcf7-validates-as-required wpcf7-text wpcf7-validates-as-email\" aria-required=\"true\" aria-invalid=\"false\" value=\"\" type=\"email\" name=\"your-email\" \/><\/span>\n<\/p>\n<p>\u0422\u0435\u043c\u0430\n<\/p>\n<p><span class=\"wpcf7-form-control-wrap\" data-name=\"your-subject\"><input size=\"40\" maxlength=\"400\" class=\"wpcf7-form-control wpcf7-text\" aria-invalid=\"false\" value=\"\" type=\"text\" name=\"your-subject\" \/><\/span>\n<\/p>\n<p>\u0412\u0430\u0448\u0435 \u0441\u043e\u043e\u0431\u0449\u0435\u043d\u0438\u0435\n<\/p>\n<p><span class=\"wpcf7-form-control-wrap\" data-name=\"your-message\"><textarea cols=\"40\" rows=\"10\" maxlength=\"2000\" class=\"wpcf7-form-control wpcf7-textarea\" aria-invalid=\"false\" name=\"your-message\"><\/textarea><\/span>\n<\/p>\n<p><input class=\"wpcf7-form-control wpcf7-submit has-spinner\" type=\"submit\" value=\"\u041e\u0442\u043f\u0440\u0430\u0432\u0438\u0442\u044c\" \/>\n<\/p><p style=\"display: none !important;\" class=\"akismet-fields-container\" data-prefix=\"_wpcf7_ak_\"><label>&#916;<textarea name=\"_wpcf7_ak_hp_textarea\" cols=\"45\" rows=\"8\" maxlength=\"100\"><\/textarea><\/label><input type=\"hidden\" id=\"ak_js_1\" name=\"_wpcf7_ak_js\" value=\"127\"\/><script type=\"text\/javascript\">\n\/* <![CDATA[ *\/\ndocument.getElementById( \"ak_js_1\" ).setAttribute( \"value\", ( new Date() ).getTime() );\n\/* ]]> *\/\n<\/script>\n<\/p><div class=\"wpcf7-response-output\" aria-hidden=\"true\"><\/div>\n<\/form>\n<\/div>\n[\/vc_column][\/vc_row]<\/p>\n","protected":false},"excerpt":{"rendered":"<p>[vc_row css=&#8221;.vc_custom_1453450201221{margin-bottom: 15px !important;}&#8221;][vc_column][\/vc_column][\/vc_row][vc_row][vc_column][vc_custom_heading text=&#8221;\u041f\u0440\u0435\u0434\u043e\u0441\u0442\u0430\u0432\u043b\u044f\u0435\u043c \u0443\u0441\u043b\u0443\u0433\u0438 \u0430\u0432\u0430\u0440\u0438\u0439\u043d\u044b\u0445 \u0440\u044b\u0442\u044c\u0435\u0432\u044b\u0445 \u0440\u0430\u0431\u043e\u0442&#8221; use_theme_fonts=&#8221;yes&#8221; el_class=&#8221;title&#8221;][vc_column_text] \u0417\u0435\u043c\u043b\u044f\u043d\u044b\u0435 \u0440\u0430\u0431\u043e\u0442\u044b, \u0432\u044b\u043f\u043e\u043b\u043d\u044f\u0435\u043c\u044b\u0435 \u043d\u0430\u0448\u0435\u0439 \u0431\u0440\u0438\u0433\u0430\u0434\u043e\u0439 Torukiirabi\u00a0\u0434\u043b\u044f \u043e\u0440\u0433\u0430\u043d\u0438\u0437\u0430\u0446\u0438\u0439 \u0438 \u0447\u0430\u0441\u0442\u043d\u043e\u0433\u043e \u0441\u0442\u0440\u043e\u0438\u0442\u0435\u043b\u044c\u0441\u0442\u0432\u0430, \u0432\u044b\u043f\u043e\u043b\u043d\u044f\u0435\u043c: \u0440\u044b\u0442\u044c\u0435 \u043a\u043e\u0442\u043b\u043e\u0432\u0430\u043d\u043e\u0432 \u0434\u043b\u044f \u0443\u0441\u0442\u0440\u043e\u0439\u0441\u0442\u0432\u0430 \u0444\u0443\u043d\u0434\u0430\u043c\u0435\u043d\u0442\u043e\u0432, \u0440\u044b\u0442\u044c\u0435 \u0442\u0440\u0430\u043d\u0448\u0435\u0439 \u0434\u043b\u044f \u043f\u0440\u043e\u043a\u043b\u0430\u0434\u043a\u0438 \u043a\u043e\u043c\u043c\u0443\u043d\u0438\u043a\u0430\u0446\u0438\u0439 \u0440\u044b\u0442\u044c\u0435 \u043a\u043e\u043b\u043e\u0434\u0446\u0435\u0432 \u0438 \u0441\u0435\u043f\u0442\u0438\u043a\u043e\u0432. \u041d\u0430\u0448\u0438 \u0441\u043f\u0435\u0446\u0438\u0430\u043b\u0438\u0441\u0442\u044b \u0438\u043c\u0435\u044e\u0442 \u043e\u0433\u0440\u043e\u043c\u043d\u044b\u043c &hellip;<\/p>\n","protected":false},"author":1,"featured_media":0,"parent":0,"menu_order":0,"comment_status":"closed","ping_status":"closed","template":"","meta":{"footnotes":""},"class_list":["post-2655","page","type-page","status-publish","hentry"],"yoast_head":"<!-- This site is optimized with the Yoast SEO plugin v27.6 - https:\/\/yoast.com\/product\/yoast-seo-wordpress\/ -->\n<title>\u0420\u044b\u0442\u044c\u0435\u0432\u044b\u0435 \u0440\u0430\u0431\u043e\u0442\u044b - Toruabi<\/title>\n<meta name=\"description\" content=\"\u0420\u044b\u0442\u044c\u0435\u0432\u044b\u0435 \u0440\u0430\u0431\u043e\u0442\u044b - Torukiirabi.ee - \u0417\u0435\u043c\u043b\u044f\u043d\u044b\u0435 \u0440\u0430\u0431\u043e\u0442\u044b \u0434\u043b\u044f \u043e\u0440\u0433\u0430\u043d\u0438\u0437\u0430\u0446\u0438\u0439 \u0438 \u0447\u0430\u0441\u0442\u043d\u043e\u0433\u043e \u0441\u0442\u0440\u043e\u0438\u0442\u0435\u043b\u044c\u0441\u0442\u0432\u0430. \u0423\u0441\u043b\u0443\u0433\u0438 \u0430\u0432\u0430\u0440\u0438\u0439\u043d\u044b\u0445 \u0440\u044b\u0442\u044c\u0435\u0432\u044b\u0445 \u0440\u0430\u0431\u043e\u0442. \u041e\u043f\u044b\u0442 \u0438 \u043a\u043e\u0440\u043e\u0442\u043a\u0438\u0435 \u0441\u0440\u043e\u043a\u0438.\" \/>\n<meta name=\"robots\" content=\"index, follow, max-snippet:-1, max-image-preview:large, max-video-preview:-1\" \/>\n<link rel=\"canonical\" href=\"https:\/\/torukiirabi.ee\/ru\/rytjevye-raboty\/\" \/>\n<meta property=\"og:locale\" content=\"ru_RU\" \/>\n<meta property=\"og:type\" content=\"article\" \/>\n<meta property=\"og:title\" content=\"\u0420\u044b\u0442\u044c\u0435\u0432\u044b\u0435 \u0440\u0430\u0431\u043e\u0442\u044b - Toruabi\" \/>\n<meta property=\"og:description\" content=\"\u0420\u044b\u0442\u044c\u0435\u0432\u044b\u0435 \u0440\u0430\u0431\u043e\u0442\u044b - Torukiirabi.ee - \u0417\u0435\u043c\u043b\u044f\u043d\u044b\u0435 \u0440\u0430\u0431\u043e\u0442\u044b \u0434\u043b\u044f \u043e\u0440\u0433\u0430\u043d\u0438\u0437\u0430\u0446\u0438\u0439 \u0438 \u0447\u0430\u0441\u0442\u043d\u043e\u0433\u043e \u0441\u0442\u0440\u043e\u0438\u0442\u0435\u043b\u044c\u0441\u0442\u0432\u0430. \u0423\u0441\u043b\u0443\u0433\u0438 \u0430\u0432\u0430\u0440\u0438\u0439\u043d\u044b\u0445 \u0440\u044b\u0442\u044c\u0435\u0432\u044b\u0445 \u0440\u0430\u0431\u043e\u0442. \u041e\u043f\u044b\u0442 \u0438 \u043a\u043e\u0440\u043e\u0442\u043a\u0438\u0435 \u0441\u0440\u043e\u043a\u0438.\" \/>\n<meta property=\"og:url\" content=\"https:\/\/torukiirabi.ee\/ru\/rytjevye-raboty\/\" \/>\n<meta property=\"og:site_name\" content=\"Toruabi\" \/>\n<meta property=\"article:modified_time\" content=\"2018-08-15T12:40:53+00:00\" \/>\n<meta name=\"twitter:card\" content=\"summary_large_image\" \/>\n<script type=\"application\/ld+json\" class=\"yoast-schema-graph\">{\"@context\":\"https:\\\/\\\/schema.org\",\"@graph\":[{\"@type\":\"WebPage\",\"@id\":\"https:\\\/\\\/torukiirabi.ee\\\/ru\\\/rytjevye-raboty\\\/\",\"url\":\"https:\\\/\\\/torukiirabi.ee\\\/ru\\\/rytjevye-raboty\\\/\",\"name\":\"\u0420\u044b\u0442\u044c\u0435\u0432\u044b\u0435 \u0440\u0430\u0431\u043e\u0442\u044b - Toruabi\",\"isPartOf\":{\"@id\":\"https:\\\/\\\/torukiirabi.ee\\\/ru\\\/#website\"},\"datePublished\":\"2016-08-01T20:49:25+00:00\",\"dateModified\":\"2018-08-15T12:40:53+00:00\",\"description\":\"\u0420\u044b\u0442\u044c\u0435\u0432\u044b\u0435 \u0440\u0430\u0431\u043e\u0442\u044b - Torukiirabi.ee - \u0417\u0435\u043c\u043b\u044f\u043d\u044b\u0435 \u0440\u0430\u0431\u043e\u0442\u044b \u0434\u043b\u044f \u043e\u0440\u0433\u0430\u043d\u0438\u0437\u0430\u0446\u0438\u0439 \u0438 \u0447\u0430\u0441\u0442\u043d\u043e\u0433\u043e \u0441\u0442\u0440\u043e\u0438\u0442\u0435\u043b\u044c\u0441\u0442\u0432\u0430. \u0423\u0441\u043b\u0443\u0433\u0438 \u0430\u0432\u0430\u0440\u0438\u0439\u043d\u044b\u0445 \u0440\u044b\u0442\u044c\u0435\u0432\u044b\u0445 \u0440\u0430\u0431\u043e\u0442. \u041e\u043f\u044b\u0442 \u0438 \u043a\u043e\u0440\u043e\u0442\u043a\u0438\u0435 \u0441\u0440\u043e\u043a\u0438.\",\"breadcrumb\":{\"@id\":\"https:\\\/\\\/torukiirabi.ee\\\/ru\\\/rytjevye-raboty\\\/#breadcrumb\"},\"inLanguage\":\"ru-RU\",\"potentialAction\":[{\"@type\":\"ReadAction\",\"target\":[\"https:\\\/\\\/torukiirabi.ee\\\/ru\\\/rytjevye-raboty\\\/\"]}]},{\"@type\":\"BreadcrumbList\",\"@id\":\"https:\\\/\\\/torukiirabi.ee\\\/ru\\\/rytjevye-raboty\\\/#breadcrumb\",\"itemListElement\":[{\"@type\":\"ListItem\",\"position\":1,\"name\":\"Home\",\"item\":\"https:\\\/\\\/torukiirabi.ee\\\/ru\\\/\"},{\"@type\":\"ListItem\",\"position\":2,\"name\":\"\u0420\u044b\u0442\u044c\u0435\u0432\u044b\u0435 \u0440\u0430\u0431\u043e\u0442\u044b\"}]},{\"@type\":\"WebSite\",\"@id\":\"https:\\\/\\\/torukiirabi.ee\\\/ru\\\/#website\",\"url\":\"https:\\\/\\\/torukiirabi.ee\\\/ru\\\/\",\"name\":\"Toruabi\",\"description\":\"Kiir Toruabi Tallinna piires\",\"potentialAction\":[{\"@type\":\"SearchAction\",\"target\":{\"@type\":\"EntryPoint\",\"urlTemplate\":\"https:\\\/\\\/torukiirabi.ee\\\/ru\\\/?s={search_term_string}\"},\"query-input\":{\"@type\":\"PropertyValueSpecification\",\"valueRequired\":true,\"valueName\":\"search_term_string\"}}],\"inLanguage\":\"ru-RU\"}]}<\/script>\n<!-- \/ Yoast SEO plugin. -->","yoast_head_json":{"title":"\u0420\u044b\u0442\u044c\u0435\u0432\u044b\u0435 \u0440\u0430\u0431\u043e\u0442\u044b - Toruabi","description":"\u0420\u044b\u0442\u044c\u0435\u0432\u044b\u0435 \u0440\u0430\u0431\u043e\u0442\u044b - Torukiirabi.ee - \u0417\u0435\u043c\u043b\u044f\u043d\u044b\u0435 \u0440\u0430\u0431\u043e\u0442\u044b \u0434\u043b\u044f \u043e\u0440\u0433\u0430\u043d\u0438\u0437\u0430\u0446\u0438\u0439 \u0438 \u0447\u0430\u0441\u0442\u043d\u043e\u0433\u043e \u0441\u0442\u0440\u043e\u0438\u0442\u0435\u043b\u044c\u0441\u0442\u0432\u0430. \u0423\u0441\u043b\u0443\u0433\u0438 \u0430\u0432\u0430\u0440\u0438\u0439\u043d\u044b\u0445 \u0440\u044b\u0442\u044c\u0435\u0432\u044b\u0445 \u0440\u0430\u0431\u043e\u0442. \u041e\u043f\u044b\u0442 \u0438 \u043a\u043e\u0440\u043e\u0442\u043a\u0438\u0435 \u0441\u0440\u043e\u043a\u0438.","robots":{"index":"index","follow":"follow","max-snippet":"max-snippet:-1","max-image-preview":"max-image-preview:large","max-video-preview":"max-video-preview:-1"},"canonical":"https:\/\/torukiirabi.ee\/ru\/rytjevye-raboty\/","og_locale":"ru_RU","og_type":"article","og_title":"\u0420\u044b\u0442\u044c\u0435\u0432\u044b\u0435 \u0440\u0430\u0431\u043e\u0442\u044b - Toruabi","og_description":"\u0420\u044b\u0442\u044c\u0435\u0432\u044b\u0435 \u0440\u0430\u0431\u043e\u0442\u044b - Torukiirabi.ee - \u0417\u0435\u043c\u043b\u044f\u043d\u044b\u0435 \u0440\u0430\u0431\u043e\u0442\u044b \u0434\u043b\u044f \u043e\u0440\u0433\u0430\u043d\u0438\u0437\u0430\u0446\u0438\u0439 \u0438 \u0447\u0430\u0441\u0442\u043d\u043e\u0433\u043e \u0441\u0442\u0440\u043e\u0438\u0442\u0435\u043b\u044c\u0441\u0442\u0432\u0430. \u0423\u0441\u043b\u0443\u0433\u0438 \u0430\u0432\u0430\u0440\u0438\u0439\u043d\u044b\u0445 \u0440\u044b\u0442\u044c\u0435\u0432\u044b\u0445 \u0440\u0430\u0431\u043e\u0442. \u041e\u043f\u044b\u0442 \u0438 \u043a\u043e\u0440\u043e\u0442\u043a\u0438\u0435 \u0441\u0440\u043e\u043a\u0438.","og_url":"https:\/\/torukiirabi.ee\/ru\/rytjevye-raboty\/","og_site_name":"Toruabi","article_modified_time":"2018-08-15T12:40:53+00:00","twitter_card":"summary_large_image","schema":{"@context":"https:\/\/schema.org","@graph":[{"@type":"WebPage","@id":"https:\/\/torukiirabi.ee\/ru\/rytjevye-raboty\/","url":"https:\/\/torukiirabi.ee\/ru\/rytjevye-raboty\/","name":"\u0420\u044b\u0442\u044c\u0435\u0432\u044b\u0435 \u0440\u0430\u0431\u043e\u0442\u044b - Toruabi","isPartOf":{"@id":"https:\/\/torukiirabi.ee\/ru\/#website"},"datePublished":"2016-08-01T20:49:25+00:00","dateModified":"2018-08-15T12:40:53+00:00","description":"\u0420\u044b\u0442\u044c\u0435\u0432\u044b\u0435 \u0440\u0430\u0431\u043e\u0442\u044b - Torukiirabi.ee - \u0417\u0435\u043c\u043b\u044f\u043d\u044b\u0435 \u0440\u0430\u0431\u043e\u0442\u044b \u0434\u043b\u044f \u043e\u0440\u0433\u0430\u043d\u0438\u0437\u0430\u0446\u0438\u0439 \u0438 \u0447\u0430\u0441\u0442\u043d\u043e\u0433\u043e \u0441\u0442\u0440\u043e\u0438\u0442\u0435\u043b\u044c\u0441\u0442\u0432\u0430. \u0423\u0441\u043b\u0443\u0433\u0438 \u0430\u0432\u0430\u0440\u0438\u0439\u043d\u044b\u0445 \u0440\u044b\u0442\u044c\u0435\u0432\u044b\u0445 \u0440\u0430\u0431\u043e\u0442. \u041e\u043f\u044b\u0442 \u0438 \u043a\u043e\u0440\u043e\u0442\u043a\u0438\u0435 \u0441\u0440\u043e\u043a\u0438.","breadcrumb":{"@id":"https:\/\/torukiirabi.ee\/ru\/rytjevye-raboty\/#breadcrumb"},"inLanguage":"ru-RU","potentialAction":[{"@type":"ReadAction","target":["https:\/\/torukiirabi.ee\/ru\/rytjevye-raboty\/"]}]},{"@type":"BreadcrumbList","@id":"https:\/\/torukiirabi.ee\/ru\/rytjevye-raboty\/#breadcrumb","itemListElement":[{"@type":"ListItem","position":1,"name":"Home","item":"https:\/\/torukiirabi.ee\/ru\/"},{"@type":"ListItem","position":2,"name":"\u0420\u044b\u0442\u044c\u0435\u0432\u044b\u0435 \u0440\u0430\u0431\u043e\u0442\u044b"}]},{"@type":"WebSite","@id":"https:\/\/torukiirabi.ee\/ru\/#website","url":"https:\/\/torukiirabi.ee\/ru\/","name":"Toruabi","description":"Kiir Toruabi Tallinna piires","potentialAction":[{"@type":"SearchAction","target":{"@type":"EntryPoint","urlTemplate":"https:\/\/torukiirabi.ee\/ru\/?s={search_term_string}"},"query-input":{"@type":"PropertyValueSpecification","valueRequired":true,"valueName":"search_term_string"}}],"inLanguage":"ru-RU"}]}},"_links":{"self":[{"href":"https:\/\/torukiirabi.ee\/ru\/wp-json\/wp\/v2\/pages\/2655","targetHints":{"allow":["GET"]}}],"collection":[{"href":"https:\/\/torukiirabi.ee\/ru\/wp-json\/wp\/v2\/pages"}],"about":[{"href":"https:\/\/torukiirabi.ee\/ru\/wp-json\/wp\/v2\/types\/page"}],"author":[{"embeddable":true,"href":"https:\/\/torukiirabi.ee\/ru\/wp-json\/wp\/v2\/users\/1"}],"replies":[{"embeddable":true,"href":"https:\/\/torukiirabi.ee\/ru\/wp-json\/wp\/v2\/comments?post=2655"}],"version-history":[{"count":1,"href":"https:\/\/torukiirabi.ee\/ru\/wp-json\/wp\/v2\/pages\/2655\/revisions"}],"predecessor-version":[{"id":3074,"href":"https:\/\/torukiirabi.ee\/ru\/wp-json\/wp\/v2\/pages\/2655\/revisions\/3074"}],"wp:attachment":[{"href":"https:\/\/torukiirabi.ee\/ru\/wp-json\/wp\/v2\/media?parent=2655"}],"curies":[{"name":"wp","href":"https:\/\/api.w.org\/{rel}","templated":true}]}}