{"id":2723,"date":"2016-01-19T15:44:38","date_gmt":"2016-01-19T15:44:38","guid":{"rendered":"http:\/\/torukiirabi.ee\/tehtud-tood\/?lang=ru"},"modified":"2018-08-15T11:30:06","modified_gmt":"2018-08-15T11:30:06","slug":"vypolnennye-raboty","status":"publish","type":"page","link":"https:\/\/torukiirabi.ee\/ru\/vypolnennye-raboty\/","title":{"rendered":"\u0412\u044b\u043f\u043e\u043b\u043d\u0435\u043d\u043d\u044b\u0435 \u0440\u0430\u0431\u043e\u0442\u044b"},"content":{"rendered":"<p>[vc_row css=&#8221;.vc_custom_1453297416098{margin-bottom: 60px !important;}&#8221;][vc_column][vc_custom_heading text=&#8221;\u041d\u0430\u0448\u0438 \u043a\u043b\u0438\u0435\u043d\u0442\u044b&#8221; use_theme_fonts=&#8221;yes&#8221;][\/vc_column][\/vc_row][vc_row][vc_column width=&#8221;1\/2&#8243;][vc_empty_space height=&#8221;15&#8243;][vc_custom_heading text=&#8221;\u0421\u0434\u0435\u043b\u0430\u043d\u043d\u044b\u0435 \u0440\u0430\u0431\u043e\u0442\u044b \u0432 \u043a\u0432\u0430\u0440\u0442\u0438\u0440\u043d\u044b\u0445 \u0442\u043e\u0432\u0430\u0440\u0438\u0449\u0435\u0441\u0442\u0432\u0430\u0445&#8221; use_theme_fonts=&#8221;yes&#8221; el_class=&#8221;title&#8221;][vc_column_text]<strong>K\u00dc Pae 11, Keila<\/strong> \u2013 K\u00fcttes\u00fcsteemide, veetorustike renoveerimine<\/p>\n<p><strong>K\u00dc Paekaare 62<\/strong> &#8211; Kanalisatsiooni p\u00fcstikute vahetus<\/p>\n<p><strong>K\u00dc Tammsaare tee 105 <\/strong>&#8211; Radiaatorite vahetus trepikodades<\/p>\n<p><strong>K\u00dc \u00d5ism\u00e4e tee 42 <\/strong>&#8211; Radiaatorite vahetus trepikodades<\/p>\n<p><strong>K\u00dc Puhangu 30<\/strong> \u2013 Kanalisatsiooni\u00a0 renoveerimine<\/p>\n<p><strong>K\u00dc Kanepi 4<\/strong> \u2013 K\u00fcttes\u00fcsteemi soojustamine<\/p>\n<p><strong>K\u00dc Tule 6, Saue<\/strong> \u2013 K\u00fclmaveetrassi vahetus<\/p>\n<p><strong>K\u00dc \u00d5ism\u00e4e tee 126<\/strong> \u2013 Veearvestite vahetus<\/p>\n<p><strong>K\u00dc Puhangu 30<\/strong> \u2013 K\u00fcttes\u00fcsteemi magistraali isoleerimine<\/p>\n<p><strong>K\u00dc Koorti 1<\/strong> \u2013 K\u00fcttes\u00fcsteemi torude soojustamine<\/p>\n<p><strong>K\u00dc Niidi 40\/42<\/strong> \u2013 Kanalisatsioonitrassi vahetamine<\/p>\n<p><strong>K\u00dc K\u00e4rberi 22<\/strong> \u2013 K\u00fcttes\u00fcsteemi renoveerimine<\/p>\n<p><strong>K\u00dc P\u00e4rnu mnt 453v<\/strong> \u2013 Veetrassi renoveerimine<\/p>\n<p><strong>K\u00dc P\u00e4rnu mnt 32<\/strong> \u2013 Kanalisatsiooni ja -drenaa\u017eitrasside ehitus<\/p>\n<p><strong>K\u00dc Majaka 38<\/strong> \u2013 K\u00fcttes\u00fcsteemi renoveerimine<\/p>\n<p><strong>K\u00dc Vilde tee 123 <\/strong>\u2013 Kanalisatsioonip\u00fcstikute vahetus<\/p>\n<p><strong>K\u00dc Vilde tee 123<\/strong> \u2013 Veem\u00f5\u00f5tjate vahetus<\/p>\n<p><strong>K\u00dc Lembitu 7<\/strong> \u2013 Kanalisatsioonitrassi vahetus<\/p>\n<p><strong>K\u00dc S\u00f5le 19<\/strong> \u2013 Kanalisatsioonitrassi ja -kaevu vahetus<\/p>\n<p><strong>K\u00dc P\u00e4rnu mnt 453v<\/strong> \u2013 Kanalisatsioonip\u00fcstikute vahetus<\/p>\n<p><strong>K\u00dc Koidu 52<\/strong> &#8211; Kanalisatsioonitrassi ja -kaevu vahetus<\/p>\n<p><strong>K\u00dc Madara 9 <\/strong>&#8211; Kanalisatsioonitrassi ja -kaevu vahetus<\/p>\n<p><strong>K\u00dc Arbu 1a<\/strong> \u2013 Veetrassi ehitus<\/p>\n<p><strong>K\u00dc Randla 30a <\/strong>\u2013 Kogu maja veem\u00f5\u00f5tjate kontrollimine<\/p>\n<p><strong>K\u00dc \u00d5ism\u00e4e tee 137<\/strong> &#8211; Kogu maja veem\u00f5\u00f5tjate kontrollimine<\/p>\n<p><strong>K\u00dc Linnam\u00e4e tee 83<\/strong> \u2013 Kogu maja veem\u00f5\u00f5tjate kontrollimine<\/p>\n<p><strong>K\u00dc L\u00f5ime 30<\/strong> \u2013 Veetrassi vahetus<\/p>\n<p><strong>K\u00dc Madara 7<\/strong> &#8211; Kanalisatsioonitrassi ja -kaevu vahetus<\/p>\n<p><strong>K\u00dc Elektroni<\/strong> &#8211; Kogu maja veem\u00f5\u00f5tjate kontrollimine<\/p>\n<p><strong>K\u00dc V\u00e4ike-Ameerika 9<\/strong> \u2013 K\u00fclma- ja soojavee trasside vahetus<\/p>\n<p><strong>K\u00dc Randla<\/strong> 8 \u2013 K\u00fclma veetrassi remont<\/p>\n<p><strong>K\u00dc Lembitu 7 <\/strong>\u2013 Soojas\u00f5lme paigaldamine<\/p>\n<p><strong>K\u00dc V\u00e4ike- Ameerika 9<\/strong> \u2013 Kanalisatsioonitrasside vahetus<\/p>\n<p><strong>K\u00dc Pae 22<\/strong> &#8211; Drenaa\u017eitrasside ehitus<\/p>\n<p><strong>K\u00dc Amburi 10<\/strong> \u2013 Veetrassi vahetus<\/p>\n<p><strong>K\u00dc Amburi 12<\/strong> \u2013 Veetrassi vahetus<\/p>\n<p><strong>K\u00dc \u00d5ism\u00e4e tee 49<\/strong> \u2013 Kanalisatsioonip\u00fcstikute vahetus<\/p>\n<p><strong>K\u00dc \u00d5ism\u00e4e tee 60\/62 <\/strong>\u2013 K\u00fclmavee trassi ehitamine<\/p>\n<p><strong>K\u00dc Kunderi <\/strong><strong>38<\/strong> &#8211; Kanalisatsioonip\u00fcstikute vahetus<\/p>\n<p><strong>K\u00dc Tuulemaa 21 <\/strong>&#8211; Kanalisatsioonip\u00fcstikute vahetus<\/p>\n<p><strong>K\u00dc Pallasti 34c<\/strong> \u2013 Kanalisatsiooni trassi vahetamine<\/p>\n<p><strong>K\u00dc Peterburi 22<\/strong> \u2013Kanalisatsiooni kaevude vahetamine<\/p>\n<p><strong>K\u00dc S\u00f5le 19<\/strong> \u2013 \u00c4ravoolu ventiili paigaldus<\/p>\n<p><strong>K\u00dc S\u00f5le 35<\/strong> -V\u00e4liskanalisatsiooni toru vahetus[\/vc_column_text][\/vc_column][vc_column width=&#8221;1\/2&#8243;][vc_empty_space height=&#8221;95px&#8221;][vc_column_text]<\/p>\n<p><strong>K\u00dc S\u00f5le 71<\/strong>-Vee ja kanalisatsiooni p\u00fcstiku vahetus<\/p>\n<p><strong>K\u00dc Tammsaare tee 71<\/strong> \u2013 K\u00fcttes\u00fcsteemide renoveerimine<\/p>\n<p><strong>K\u00dc Tuulema 14<\/strong> \u2013 K\u00fctte magistralitorude soojustus<\/p>\n<p><strong>K\u00dc \u00d5ism\u00e4e tee 5<\/strong>&#8211; Kanalisatsioonip\u00fcstikute vahetus<\/p>\n<p><strong>K\u00dc \u00d5ism\u00e4e tee 1<\/strong> \u2013 V\u00e4lis ja sisse kanalisatsiooni toru vahetus<\/p>\n<p><strong>K\u00dc \u00d5ism\u00e4e tee 4<\/strong>&#8211; Kanalisatsioonip\u00fcstikute vahetamine<\/p>\n<p><strong>K\u00dc \u00d5ism\u00e4e tee 44<\/strong> \u2013 Kanalisatsioonip\u00fcstikute vahetus<\/p>\n<p><strong>K\u00dc Sikupilli 9<\/strong> \u2013 Veetrassi ehitamine maakranist kuni maja\u00fchendamise<\/p>\n<p><strong>K\u00dc P\u00e4rnu mnt 133<\/strong> \u2013 V\u00e4liskanalisatsiooni toru vahetus<\/p>\n<p><strong>K\u00dc Kanepi 3<\/strong> -Kanalisatsioonip\u00fcstikute vahetamine<\/p>\n<p><strong>K\u00dc Kari 26-<\/strong> Kanalisatsioonitrasside ehitamine<\/p>\n<p><strong>K\u00dc Majaka 33-<\/strong> Veetrassi\u00a0 vahetus<\/p>\n<p><strong>K\u00dc Majaka 5<\/strong> \u2013 Tasakalatusventiilide paigaldus<\/p>\n<p><strong>K\u00dc K\u00e4rberi 28<\/strong> \u2013 Kanalisatsioonip\u00fcstikude vahetamine keldris<\/p>\n<p><strong>K\u00dc Katleri 25 &#8211; <\/strong>Kanalisatsioonip\u00fcstikute vahetamine<\/p>\n<p><strong>K\u00dc Tehnika 139<\/strong> &#8211; Veem\u00f5\u00f5tjate vahetus<\/p>\n<p><strong>K\u00dc Hermani<\/strong> 10 \u2013 Vana kaevu renoveerimine<\/p>\n<p><strong>K\u00dc <\/strong><strong>\u00d5ism\u00e4e tee 1<\/strong> -Soojuss\u00f5lme renoveerimine<\/p>\n<p><strong>K\u00dc Kotka 14<\/strong> \u2013 K\u00fcttes\u00fcsteemi renoveerimine<\/p>\n<p><strong>K\u00dc Kallasma 6<\/strong> &#8211; Kanalisatsioonip\u00fcstikute vahetamine<\/p>\n<p><strong>K\u00dc Risti 2c<\/strong> \u2013 V\u00e4lis veetrassi vahetus<\/p>\n<p><strong>K\u00dc Kangru 2<\/strong> &#8211; Kanalisatsioonip\u00fcstikute vahetamine<\/p>\n<p><strong>K\u00dc Tratu mnt 28<\/strong> &#8211; V\u00e4liskanalisatsiooni toru vahetus<\/p>\n<p><strong>K\u00dc Mustam\u00e4e 171<\/strong> &#8211; \u00a0Kanalisatsioonip\u00fcstikute vahetamine<\/p>\n<p><strong>K\u00dc Valdeku 28<\/strong> &#8211;\u00a0 V\u00e4liskanalisatsiooni toru vahetus<\/p>\n<p><strong>K\u00dc Kallasma 6<\/strong> \u2013 Veep\u00fcstikute vahetus<\/p>\n<p><strong>K\u00dc Padriku 4\/<\/strong>2 &#8211; V\u00e4liskanalisatsiooni toru vahetus<\/p>\n<p><strong>K\u00dc Invalidi 3<\/strong> &#8211;\u00a0 V\u00e4liskanalisatsiooni toru vahetus<\/p>\n<p><strong>K\u00dc Jarve 50a<\/strong> &#8211;\u00a0 Vana kaevud renoveerimine<\/p>\n<p><strong>K\u00dc Sole 76<\/strong> &#8211;\u00a0 Veem\u00f5\u00f5tjate vahetus<\/p>\n<p><strong>K\u00dc Loime 4<\/strong> &#8211;\u00a0 V\u00e4liskanalisatsiooni toru vahetus<\/p>\n<p><strong>K\u00dc Kauge 6<\/strong> &#8211; \u00a0V\u00e4liskanalisatsiooni toru vahetus<\/p>\n<p><strong>K\u00dc S\u00fctiste tee 12<\/strong> &#8211; Kanalisatsioonip\u00fcstikute vahetamine<\/p>\n<p><strong>K\u00dc Tedre 36<\/strong> &#8211; Veem\u00f5\u00f5tjate vahetus<\/p>\n<p><strong>K\u00dc\u00a0 Tulemaa 5<\/strong> &#8211; V\u00e4liskanalisatsiooni toru vahetus<\/p>\n<p><strong>K\u00dc\u00a0 Hospitali 4<\/strong> &#8211;\u00a0 V\u00e4liskanalisatsiooni toru vahetus<\/p>\n<p><strong>K\u00dc Toom-Kuninga 25<\/strong> &#8211;\u00a0 Vana kaevud renoveerimine<\/p>\n<p><strong>K\u00dc Endla 33<\/strong> &#8211; V\u00e4liskanalisatsiooni toru ja kaevud vahetus<\/p>\n<p><strong>K\u00dc\u00a0 Tina 6<\/strong> &#8211; V\u00e4liskanalisatsiooni toru ja kaevud vahetus<\/p>\n<p><strong>K\u00dc\u00a0\u00a0 Vilde tee 85<\/strong> &#8211; V\u00e4liskanalisatsiooni toru vahetus<\/p>\n<p><strong>K\u00dc Pirni 6<\/strong> &#8211; V\u00e4liskanalisatsiooni toru vahetus<\/p>\n<p><strong>K\u00dc\u00a0 Liukivi 3<\/strong>&#8211; Vee ja kanalisatsioonip\u00fcstikute vahetamine<\/p>\n<p><strong>K\u00dc\u00a0 \u00d5ism\u00e4e tee 105<\/strong> &#8211;\u00a0 Veem\u00f5\u00f5tjate vahetus[\/vc_column_text][\/vc_column][\/vc_row][vc_row full_width=&#8221;stretch_row&#8221; el_class=&#8221;no-bottom-padding-row&#8221;][vc_column css=&#8221;.vc_custom_1453297356032{padding-top: 0px !important;}&#8221;][vc_custom_heading text=&#8221;\u041c\u044b \u043e\u0431\u0441\u043b\u0443\u0436\u0438\u0432\u0430\u0435\u043c \u0441\u043b\u0435\u0434\u0443\u044e\u0449\u0438\u0435 \u043a\u0432\u0430\u0440\u0442\u0438\u0440\u043d\u044b\u0435 \u0442\u043e\u0432\u0430\u0440\u0438\u0449\u0435\u0441\u0442\u0432\u0430&#8221; use_theme_fonts=&#8221;yes&#8221;][vc_column_text]<\/p>\n<table border=\"0\" width=\"100%\" cellspacing=\"5\" cellpadding=\"5\">\n<tbody>\n<tr>\n<td>Akadeemia 54<\/td>\n<td>Lembitu 7<\/td>\n<td>Mooni 35A<\/td>\n<td>Soo 28<\/td>\n<\/tr>\n<tr>\n<td>Amburi 17<\/td>\n<td>Lembitu 8<\/td>\n<td>Mooni 35B<\/td>\n<td>Spordi 5<\/td>\n<\/tr>\n<tr>\n<td>Angerja 6<\/td>\n<td>Liikuri 50<\/td>\n<td>Narva mnt.7<\/td>\n<td>S\u00f5le 35<\/td>\n<\/tr>\n<tr>\n<td>Astangu 68<\/td>\n<td>Liikuri 14<\/td>\n<td>Pae 11<\/td>\n<td>S\u00f5le 64<\/td>\n<\/tr>\n<tr>\n<td>Asunduse 2<\/td>\n<td>Lina 7<\/td>\n<td>Pae 21<\/td>\n<td>S\u00f5le 72<\/td>\n<\/tr>\n<tr>\n<td>Asunduse 6<\/td>\n<td>Linnam\u00e4e 87<\/td>\n<td>Pae 23a<\/td>\n<td>S\u00f5le 80<\/td>\n<\/tr>\n<tr>\n<td>Elektroni 10<\/td>\n<td>Loitsu 4<\/td>\n<td>Pae 27<\/td>\n<td>S\u00f5le 82<\/td>\n<\/tr>\n<tr>\n<td>Erika 10<\/td>\n<td>L\u00f5ime 4<\/td>\n<td>Pae 58<\/td>\n<td>S\u00f5le 84<\/td>\n<\/tr>\n<tr>\n<td>J\u00e4rveotsa 47<\/td>\n<td>L\u00f5ime 22<\/td>\n<td>Pae 80<\/td>\n<td>S\u00f5pruse pst.246<\/td>\n<\/tr>\n<tr>\n<td>Kallasmaa 6<\/td>\n<td>L\u00f5ime 30,32<\/td>\n<td>Pallasti 33<\/td>\n<td>Telliskivi 8<\/td>\n<\/tr>\n<tr>\n<td>Kangru 3<\/td>\n<td>L\u00e4\u00e4nemere 11<\/td>\n<td>Pallasti 34c<\/td>\n<td>Telliskivi 14<\/td>\n<\/tr>\n<tr>\n<td>Kari 1<\/td>\n<td>Madala 5<\/td>\n<td>Paldiski mnt 167<\/td>\n<td>Tuulemaa 13<\/td>\n<\/tr>\n<tr>\n<td>Kari 5<\/td>\n<td>Mahtra 22<\/td>\n<td>Pelguranna 51<\/td>\n<td>Tuulemaa 14<\/td>\n<\/tr>\n<tr>\n<td>Kari 6<\/td>\n<td>Mahtra 30<\/td>\n<td>P.Pinna 17<\/td>\n<td>Tuulemaa 15<\/td>\n<\/tr>\n<tr>\n<td>Kari 7<\/td>\n<td>Majaka 3<\/td>\n<td>Puhangu 2<\/td>\n<td>Tuulemaa 21<\/td>\n<\/tr>\n<tr>\n<td>Katusepappi 23\/25<\/td>\n<td>Majaka 6<\/td>\n<td>Punane 37<\/td>\n<td>Valge K\u00dc<\/td>\n<\/tr>\n<tr>\n<td>Killustiku 9<\/td>\n<td>Majaka 15<\/td>\n<td>Punane 39<\/td>\n<td>Vase 3 K\u00dc<\/td>\n<\/tr>\n<tr>\n<td>Kihnu 2<\/td>\n<td>Majaka17<\/td>\n<td>Punane 50\/52<\/td>\n<td>E.Vilde tee 123<\/td>\n<\/tr>\n<tr>\n<td>Kopliranna 41<\/td>\n<td>Majaka 25<\/td>\n<td>P\u00e4rnu mnt. 453v<\/td>\n<td>\u00dcmera 7<\/td>\n<\/tr>\n<tr>\n<td>Koidu 9<\/td>\n<td>Majaka 27<\/td>\n<td>Ranna Majakas<\/td>\n<td>\u00dcmera 8<\/td>\n<\/tr>\n<tr>\n<td>Koidu 108\/110<\/td>\n<td>Majaka 33<\/td>\n<td>Randla 8<\/td>\n<td>\u00dcmera 14<\/td>\n<\/tr>\n<tr>\n<td>K.K\u00e4rberi 2<\/td>\n<td>Majaka 34<\/td>\n<td>Randla 10<\/td>\n<td>\u00dcmera 42<\/td>\n<\/tr>\n<tr>\n<td>K.K\u00e4rberi 22<\/td>\n<td>Majaka 43<\/td>\n<td>Randla 15<\/td>\n<td>\u00d5ism\u00e4e 1<\/td>\n<\/tr>\n<tr>\n<td>K.K\u00e4rberi 24<\/td>\n<td>Majaka 44<\/td>\n<td>Randla 16<\/td>\n<td>\u00d5ism\u00e4e 60<\/td>\n<\/tr>\n<tr>\n<td>K.K\u00e4rberi 28<\/td>\n<td>Majaka p\u00f5ik 11<\/td>\n<td>Ristiku p\u00f5ik 7<\/td>\n<td>\u00d5ism\u00e4e 62<\/td>\n<\/tr>\n<tr>\n<td>K.K\u00e4rberi 32<\/td>\n<td>Meie Kodukolle<\/td>\n<td>Sikupilli 2<\/td>\n<td>\u00d5ism\u00e4e 67<\/td>\n<\/tr>\n<tr>\n<td>Lasnam\u00e4e 28<\/td>\n<td>Mustam\u00e4e tee 141<\/td>\n<td>Sikupilli 9<\/td>\n<td>\u00d5ism\u00e4e 69<\/td>\n<\/tr>\n<tr>\n<td>Lasnam\u00e4e 36<\/td>\n<td>Mustam\u00e4e tee 132<\/td>\n<td>Sitsi 28\/30<\/td>\n<td>\u00d5ism\u00e4e 71<\/td>\n<\/tr>\n<tr>\n<td>Lastekodu 5<\/td>\n<\/tr>\n<\/tbody>\n<\/table>\n<p>[\/vc_column_text][\/vc_column][\/vc_row]<\/p>\n","protected":false},"excerpt":{"rendered":"<p>[vc_row css=&#8221;.vc_custom_1453297416098{margin-bottom: 60px !important;}&#8221;][vc_column][vc_custom_heading text=&#8221;\u041d\u0430\u0448\u0438 \u043a\u043b\u0438\u0435\u043d\u0442\u044b&#8221; use_theme_fonts=&#8221;yes&#8221;][\/vc_column][\/vc_row][vc_row][vc_column width=&#8221;1\/2&#8243;][vc_empty_space height=&#8221;15&#8243;][vc_custom_heading text=&#8221;\u0421\u0434\u0435\u043b\u0430\u043d\u043d\u044b\u0435 \u0440\u0430\u0431\u043e\u0442\u044b \u0432 \u043a\u0432\u0430\u0440\u0442\u0438\u0440\u043d\u044b\u0445 \u0442\u043e\u0432\u0430\u0440\u0438\u0449\u0435\u0441\u0442\u0432\u0430\u0445&#8221; use_theme_fonts=&#8221;yes&#8221; el_class=&#8221;title&#8221;][vc_column_text]K\u00dc Pae 11, Keila \u2013 K\u00fcttes\u00fcsteemide, veetorustike renoveerimine K\u00dc Paekaare 62 &#8211; Kanalisatsiooni p\u00fcstikute vahetus K\u00dc Tammsaare tee 105 &#8211; Radiaatorite vahetus trepikodades K\u00dc \u00d5ism\u00e4e &hellip;<\/p>\n","protected":false},"author":1,"featured_media":0,"parent":0,"menu_order":0,"comment_status":"closed","ping_status":"closed","template":"","meta":{"footnotes":""},"class_list":["post-2723","page","type-page","status-publish","hentry"],"yoast_head":"<!-- This site is optimized with the Yoast SEO plugin v27.5 - https:\/\/yoast.com\/product\/yoast-seo-wordpress\/ -->\n<title>\u0412\u044b\u043f\u043e\u043b\u043d\u0435\u043d\u043d\u044b\u0435 \u0440\u0430\u0431\u043e\u0442\u044b - Toruabi<\/title>\n<meta name=\"description\" content=\"\u0412\u044b\u043f\u043e\u043b\u043d\u0435\u043d\u043d\u044b\u0435 \u043d\u0430\u0448\u0435\u0439 \u0444\u0438\u0440\u043c\u043e\u0439 \u0440\u0430\u0431\u043e\u0442\u044b \u043f\u043e \u043e\u0431\u0441\u043b\u0443\u0436\u0438\u0432\u0430\u043d\u0438\u044e \u0438 \u0440\u0435\u043c\u043e\u043d\u0442\u0443 \u0432\u0441\u0435\u0445 \u0432\u0438\u0434\u043e\u0432 \u0442\u0435\u0445\u043d\u043e\u0441\u0438\u0441\u0442\u0435\u043c.\" \/>\n<meta name=\"robots\" content=\"index, follow, max-snippet:-1, max-image-preview:large, max-video-preview:-1\" \/>\n<link rel=\"canonical\" href=\"https:\/\/torukiirabi.ee\/ru\/vypolnennye-raboty\/\" \/>\n<meta property=\"og:locale\" content=\"ru_RU\" \/>\n<meta property=\"og:type\" content=\"article\" \/>\n<meta property=\"og:title\" content=\"\u0412\u044b\u043f\u043e\u043b\u043d\u0435\u043d\u043d\u044b\u0435 \u0440\u0430\u0431\u043e\u0442\u044b - Toruabi\" \/>\n<meta property=\"og:description\" content=\"\u0412\u044b\u043f\u043e\u043b\u043d\u0435\u043d\u043d\u044b\u0435 \u043d\u0430\u0448\u0435\u0439 \u0444\u0438\u0440\u043c\u043e\u0439 \u0440\u0430\u0431\u043e\u0442\u044b \u043f\u043e \u043e\u0431\u0441\u043b\u0443\u0436\u0438\u0432\u0430\u043d\u0438\u044e \u0438 \u0440\u0435\u043c\u043e\u043d\u0442\u0443 \u0432\u0441\u0435\u0445 \u0432\u0438\u0434\u043e\u0432 \u0442\u0435\u0445\u043d\u043e\u0441\u0438\u0441\u0442\u0435\u043c.\" \/>\n<meta property=\"og:url\" content=\"https:\/\/torukiirabi.ee\/ru\/vypolnennye-raboty\/\" \/>\n<meta property=\"og:site_name\" content=\"Toruabi\" \/>\n<meta property=\"article:modified_time\" content=\"2018-08-15T11:30:06+00:00\" \/>\n<meta name=\"twitter:card\" content=\"summary_large_image\" \/>\n<meta name=\"twitter:label1\" content=\"\u041f\u0440\u0438\u043c\u0435\u0440\u043d\u043e\u0435 \u0432\u0440\u0435\u043c\u044f \u0434\u043b\u044f \u0447\u0442\u0435\u043d\u0438\u044f\" \/>\n\t<meta name=\"twitter:data1\" content=\"4 \u043c\u0438\u043d\u0443\u0442\u044b\" \/>\n<script type=\"application\/ld+json\" class=\"yoast-schema-graph\">{\"@context\":\"https:\\\/\\\/schema.org\",\"@graph\":[{\"@type\":\"WebPage\",\"@id\":\"https:\\\/\\\/torukiirabi.ee\\\/ru\\\/vypolnennye-raboty\\\/\",\"url\":\"https:\\\/\\\/torukiirabi.ee\\\/ru\\\/vypolnennye-raboty\\\/\",\"name\":\"\u0412\u044b\u043f\u043e\u043b\u043d\u0435\u043d\u043d\u044b\u0435 \u0440\u0430\u0431\u043e\u0442\u044b - Toruabi\",\"isPartOf\":{\"@id\":\"https:\\\/\\\/torukiirabi.ee\\\/ru\\\/#website\"},\"datePublished\":\"2016-01-19T15:44:38+00:00\",\"dateModified\":\"2018-08-15T11:30:06+00:00\",\"description\":\"\u0412\u044b\u043f\u043e\u043b\u043d\u0435\u043d\u043d\u044b\u0435 \u043d\u0430\u0448\u0435\u0439 \u0444\u0438\u0440\u043c\u043e\u0439 \u0440\u0430\u0431\u043e\u0442\u044b \u043f\u043e \u043e\u0431\u0441\u043b\u0443\u0436\u0438\u0432\u0430\u043d\u0438\u044e \u0438 \u0440\u0435\u043c\u043e\u043d\u0442\u0443 \u0432\u0441\u0435\u0445 \u0432\u0438\u0434\u043e\u0432 \u0442\u0435\u0445\u043d\u043e\u0441\u0438\u0441\u0442\u0435\u043c.\",\"breadcrumb\":{\"@id\":\"https:\\\/\\\/torukiirabi.ee\\\/ru\\\/vypolnennye-raboty\\\/#breadcrumb\"},\"inLanguage\":\"ru-RU\",\"potentialAction\":[{\"@type\":\"ReadAction\",\"target\":[\"https:\\\/\\\/torukiirabi.ee\\\/ru\\\/vypolnennye-raboty\\\/\"]}]},{\"@type\":\"BreadcrumbList\",\"@id\":\"https:\\\/\\\/torukiirabi.ee\\\/ru\\\/vypolnennye-raboty\\\/#breadcrumb\",\"itemListElement\":[{\"@type\":\"ListItem\",\"position\":1,\"name\":\"Home\",\"item\":\"https:\\\/\\\/torukiirabi.ee\\\/ru\\\/\"},{\"@type\":\"ListItem\",\"position\":2,\"name\":\"\u0412\u044b\u043f\u043e\u043b\u043d\u0435\u043d\u043d\u044b\u0435 \u0440\u0430\u0431\u043e\u0442\u044b\"}]},{\"@type\":\"WebSite\",\"@id\":\"https:\\\/\\\/torukiirabi.ee\\\/ru\\\/#website\",\"url\":\"https:\\\/\\\/torukiirabi.ee\\\/ru\\\/\",\"name\":\"Toruabi\",\"description\":\"Kiir Toruabi Tallinna piires\",\"potentialAction\":[{\"@type\":\"SearchAction\",\"target\":{\"@type\":\"EntryPoint\",\"urlTemplate\":\"https:\\\/\\\/torukiirabi.ee\\\/ru\\\/?s={search_term_string}\"},\"query-input\":{\"@type\":\"PropertyValueSpecification\",\"valueRequired\":true,\"valueName\":\"search_term_string\"}}],\"inLanguage\":\"ru-RU\"}]}<\/script>\n<!-- \/ Yoast SEO plugin. -->","yoast_head_json":{"title":"\u0412\u044b\u043f\u043e\u043b\u043d\u0435\u043d\u043d\u044b\u0435 \u0440\u0430\u0431\u043e\u0442\u044b - Toruabi","description":"\u0412\u044b\u043f\u043e\u043b\u043d\u0435\u043d\u043d\u044b\u0435 \u043d\u0430\u0448\u0435\u0439 \u0444\u0438\u0440\u043c\u043e\u0439 \u0440\u0430\u0431\u043e\u0442\u044b \u043f\u043e \u043e\u0431\u0441\u043b\u0443\u0436\u0438\u0432\u0430\u043d\u0438\u044e \u0438 \u0440\u0435\u043c\u043e\u043d\u0442\u0443 \u0432\u0441\u0435\u0445 \u0432\u0438\u0434\u043e\u0432 \u0442\u0435\u0445\u043d\u043e\u0441\u0438\u0441\u0442\u0435\u043c.","robots":{"index":"index","follow":"follow","max-snippet":"max-snippet:-1","max-image-preview":"max-image-preview:large","max-video-preview":"max-video-preview:-1"},"canonical":"https:\/\/torukiirabi.ee\/ru\/vypolnennye-raboty\/","og_locale":"ru_RU","og_type":"article","og_title":"\u0412\u044b\u043f\u043e\u043b\u043d\u0435\u043d\u043d\u044b\u0435 \u0440\u0430\u0431\u043e\u0442\u044b - Toruabi","og_description":"\u0412\u044b\u043f\u043e\u043b\u043d\u0435\u043d\u043d\u044b\u0435 \u043d\u0430\u0448\u0435\u0439 \u0444\u0438\u0440\u043c\u043e\u0439 \u0440\u0430\u0431\u043e\u0442\u044b \u043f\u043e \u043e\u0431\u0441\u043b\u0443\u0436\u0438\u0432\u0430\u043d\u0438\u044e \u0438 \u0440\u0435\u043c\u043e\u043d\u0442\u0443 \u0432\u0441\u0435\u0445 \u0432\u0438\u0434\u043e\u0432 \u0442\u0435\u0445\u043d\u043e\u0441\u0438\u0441\u0442\u0435\u043c.","og_url":"https:\/\/torukiirabi.ee\/ru\/vypolnennye-raboty\/","og_site_name":"Toruabi","article_modified_time":"2018-08-15T11:30:06+00:00","twitter_card":"summary_large_image","twitter_misc":{"\u041f\u0440\u0438\u043c\u0435\u0440\u043d\u043e\u0435 \u0432\u0440\u0435\u043c\u044f \u0434\u043b\u044f \u0447\u0442\u0435\u043d\u0438\u044f":"4 \u043c\u0438\u043d\u0443\u0442\u044b"},"schema":{"@context":"https:\/\/schema.org","@graph":[{"@type":"WebPage","@id":"https:\/\/torukiirabi.ee\/ru\/vypolnennye-raboty\/","url":"https:\/\/torukiirabi.ee\/ru\/vypolnennye-raboty\/","name":"\u0412\u044b\u043f\u043e\u043b\u043d\u0435\u043d\u043d\u044b\u0435 \u0440\u0430\u0431\u043e\u0442\u044b - Toruabi","isPartOf":{"@id":"https:\/\/torukiirabi.ee\/ru\/#website"},"datePublished":"2016-01-19T15:44:38+00:00","dateModified":"2018-08-15T11:30:06+00:00","description":"\u0412\u044b\u043f\u043e\u043b\u043d\u0435\u043d\u043d\u044b\u0435 \u043d\u0430\u0448\u0435\u0439 \u0444\u0438\u0440\u043c\u043e\u0439 \u0440\u0430\u0431\u043e\u0442\u044b \u043f\u043e \u043e\u0431\u0441\u043b\u0443\u0436\u0438\u0432\u0430\u043d\u0438\u044e \u0438 \u0440\u0435\u043c\u043e\u043d\u0442\u0443 \u0432\u0441\u0435\u0445 \u0432\u0438\u0434\u043e\u0432 \u0442\u0435\u0445\u043d\u043e\u0441\u0438\u0441\u0442\u0435\u043c.","breadcrumb":{"@id":"https:\/\/torukiirabi.ee\/ru\/vypolnennye-raboty\/#breadcrumb"},"inLanguage":"ru-RU","potentialAction":[{"@type":"ReadAction","target":["https:\/\/torukiirabi.ee\/ru\/vypolnennye-raboty\/"]}]},{"@type":"BreadcrumbList","@id":"https:\/\/torukiirabi.ee\/ru\/vypolnennye-raboty\/#breadcrumb","itemListElement":[{"@type":"ListItem","position":1,"name":"Home","item":"https:\/\/torukiirabi.ee\/ru\/"},{"@type":"ListItem","position":2,"name":"\u0412\u044b\u043f\u043e\u043b\u043d\u0435\u043d\u043d\u044b\u0435 \u0440\u0430\u0431\u043e\u0442\u044b"}]},{"@type":"WebSite","@id":"https:\/\/torukiirabi.ee\/ru\/#website","url":"https:\/\/torukiirabi.ee\/ru\/","name":"Toruabi","description":"Kiir Toruabi Tallinna piires","potentialAction":[{"@type":"SearchAction","target":{"@type":"EntryPoint","urlTemplate":"https:\/\/torukiirabi.ee\/ru\/?s={search_term_string}"},"query-input":{"@type":"PropertyValueSpecification","valueRequired":true,"valueName":"search_term_string"}}],"inLanguage":"ru-RU"}]}},"_links":{"self":[{"href":"https:\/\/torukiirabi.ee\/ru\/wp-json\/wp\/v2\/pages\/2723","targetHints":{"allow":["GET"]}}],"collection":[{"href":"https:\/\/torukiirabi.ee\/ru\/wp-json\/wp\/v2\/pages"}],"about":[{"href":"https:\/\/torukiirabi.ee\/ru\/wp-json\/wp\/v2\/types\/page"}],"author":[{"embeddable":true,"href":"https:\/\/torukiirabi.ee\/ru\/wp-json\/wp\/v2\/users\/1"}],"replies":[{"embeddable":true,"href":"https:\/\/torukiirabi.ee\/ru\/wp-json\/wp\/v2\/comments?post=2723"}],"version-history":[{"count":4,"href":"https:\/\/torukiirabi.ee\/ru\/wp-json\/wp\/v2\/pages\/2723\/revisions"}],"predecessor-version":[{"id":3121,"href":"https:\/\/torukiirabi.ee\/ru\/wp-json\/wp\/v2\/pages\/2723\/revisions\/3121"}],"wp:attachment":[{"href":"https:\/\/torukiirabi.ee\/ru\/wp-json\/wp\/v2\/media?parent=2723"}],"curies":[{"name":"wp","href":"https:\/\/api.w.org\/{rel}","templated":true}]}}